{"id":2914,"date":"2023-12-05T22:17:32","date_gmt":"2023-12-05T21:17:32","guid":{"rendered":"https:\/\/www.maison13.fr\/?page_id=2914"},"modified":"2025-09-07T22:02:15","modified_gmt":"2025-09-07T20:02:15","slug":"verhuurvoorwaarden-contract","status":"publish","type":"page","link":"https:\/\/www.maison13.fr\/fr\/verhuurvoorwaarden-contract\/","title":{"rendered":"Conditions de location \/ Contrat"},"content":{"rendered":"<div data-elementor-type=\"wp-page\" data-elementor-id=\"2914\" class=\"elementor elementor-2914\" data-elementor-post-type=\"page\">\n\t\t\t\t<div class=\"elementor-element elementor-element-189e44a e-con-full e-flex e-con e-parent\" data-id=\"189e44a\" data-element_type=\"container\" data-e-type=\"container\">\n\t\t\t\t<div class=\"elementor-element elementor-element-303d09e elementor--h-position-center elementor--v-position-middle elementor-arrows-position-inside elementor-pagination-position-inside elementor-widget elementor-widget-slides\" data-id=\"303d09e\" data-element_type=\"widget\" data-e-type=\"widget\" data-settings=\"{&quot;navigation&quot;:&quot;both&quot;,&quot;autoplay&quot;:&quot;yes&quot;,&quot;pause_on_hover&quot;:&quot;yes&quot;,&quot;pause_on_interaction&quot;:&quot;yes&quot;,&quot;autoplay_speed&quot;:5000,&quot;infinite&quot;:&quot;yes&quot;,&quot;transition&quot;:&quot;slide&quot;,&quot;transition_speed&quot;:500}\" data-widget_type=\"slides.default\">\n\t\t\t\t<div class=\"elementor-widget-container\">\n\t\t\t\t\t\t\t\t\t<div class=\"elementor-swiper\">\n\t\t\t\t\t<div class=\"elementor-slides-wrapper elementor-main-swiper swiper\" role=\"region\" aria-roledescription=\"carousel\" aria-label=\"Slides\" dir=\"ltr\" data-animation=\"fadeInUp\">\n\t\t\t\t<div class=\"swiper-wrapper elementor-slides\">\n\t\t\t\t\t\t\t\t\t\t<div class=\"elementor-repeater-item-a0fce24 swiper-slide\" role=\"group\" aria-roledescription=\"slide\"><div class=\"swiper-slide-bg\" role=\"img\" aria-label=\"IMG_20230402_111102\"><\/div><div class=\"swiper-slide-inner\" ><div class=\"swiper-slide-contents\"><div class=\"elementor-slide-heading\">Bienvenue chez Maison 13<\/div><div class=\"elementor-slide-description\">Conditions de location \/ Contrat<\/div><\/div><\/div><\/div><div class=\"elementor-repeater-item-1811567 swiper-slide\" role=\"group\" aria-roledescription=\"slide\"><div class=\"swiper-slide-bg\" role=\"img\" aria-label=\"IMG_5277\"><\/div><div class=\"swiper-slide-inner\" ><div class=\"swiper-slide-contents\"><div class=\"elementor-slide-heading\">Bienvenue chez Maison 13<\/div><div class=\"elementor-slide-description\">Conditions de location \/ Contrat<\/div><\/div><\/div><\/div>\t\t\t\t<\/div>\n\t\t\t\t\t\t\t\t\t\t\t\t\t\t\t<div class=\"elementor-swiper-button elementor-swiper-button-prev\" role=\"button\" tabindex=\"0\" aria-label=\"Vorige dia\">\n\t\t\t\t\t\t\t<svg aria-hidden=\"true\" class=\"e-font-icon-svg e-eicon-chevron-left\" viewbox=\"0 0 1000 1000\" xmlns=\"http:\/\/www.w3.org\/2000\/svg\"><path d=\"M646 125C629 125 613 133 604 142L308 442C296 454 292 471 292 487 292 504 296 521 308 533L604 854C617 867 629 875 646 875 663 875 679 871 692 858 704 846 713 829 713 812 713 796 708 779 692 767L438 487 692 225C700 217 708 204 708 187 708 171 704 154 692 142 675 129 663 125 646 125Z\"><\/path><\/svg>\t\t\t\t\t\t<\/div>\n\t\t\t\t\t\t<div class=\"elementor-swiper-button elementor-swiper-button-next\" role=\"button\" tabindex=\"0\" aria-label=\"Volgende dia\">\n\t\t\t\t\t\t\t<svg aria-hidden=\"true\" class=\"e-font-icon-svg e-eicon-chevron-right\" viewbox=\"0 0 1000 1000\" xmlns=\"http:\/\/www.w3.org\/2000\/svg\"><path d=\"M696 533C708 521 713 504 713 487 713 471 708 454 696 446L400 146C388 133 375 125 354 125 338 125 325 129 313 142 300 154 292 171 292 187 292 204 296 221 308 233L563 492 304 771C292 783 288 800 288 817 288 833 296 850 308 863 321 871 338 875 354 875 371 875 388 867 400 854L696 533Z\"><\/path><\/svg>\t\t\t\t\t\t<\/div>\n\t\t\t\t\t\t\t\t\t\t\t\t\t\t\t\t<div class=\"swiper-pagination\"><\/div>\n\t\t\t\t\t\t\t\t\t\t\t\t<\/div>\n\t\t\t\t<\/div>\n\t\t\t\t\t\t\t\t<\/div>\n\t\t\t\t<\/div>\n\t\t\t\t<\/div>\n\t\t<div class=\"elementor-element elementor-element-f18c501 e-flex e-con-boxed e-con e-parent\" data-id=\"f18c501\" data-element_type=\"container\" data-e-type=\"container\">\n\t\t\t\t\t<div class=\"e-con-inner\">\n\t\t\t\t<div class=\"elementor-element elementor-element-60502f1 elementor-widget elementor-widget-text-editor\" data-id=\"60502f1\" data-element_type=\"widget\" data-e-type=\"widget\" data-widget_type=\"text-editor.default\">\n\t\t\t\t<div class=\"elementor-widget-container\">\n\t\t\t\t\t\t\t\t\t<p><strong>Article - 1:<\/strong><\/p><p>Le pr\u00e9sent contrat porte sur la location d'un logement de vacances et ne peut \u00eatre utilis\u00e9 que dans le cadre d'un h\u00e9bergement touristique.<\/p><p><strong>Article - 2:<\/strong><\/p><p>Le locataire ne peut pas rester dans le logement apr\u00e8s la p\u00e9riode de location convenue. M\u00eame si le locataire le souhaite, cela n'est pas autoris\u00e9.<\/p><p><strong>Article - 3:<\/strong><\/p><p>Pour que la r\u00e9servation soit d\u00e9finitive, le locataire doit verser 50 % du montant total de la location \u00e0 titre d'acompte. Cet acompte doit \u00eatre envoy\u00e9 au bailleur dans les 7 jours, accompagn\u00e9 d'un exemplaire sign\u00e9 du contrat. Le locataire doit \u00e9galement en conserver une copie.<\/p><p>Le solde doit \u00eatre pay\u00e9 8 semaines avant la date d'arriv\u00e9e.<\/p><p>Pour les r\u00e9servations effectu\u00e9es moins de 8 semaines avant la date d'arriv\u00e9e, nous vous demandons de payer la totalit\u00e9 du montant.<\/p><p>La location ne peut \u00eatre utilis\u00e9e par d'autres personnes sans l'autorisation \u00e9crite du propri\u00e9taire. Dans ce cas, le propri\u00e9taire peut r\u00e9silier le contrat imm\u00e9diatement, et l'argent gagn\u00e9 gr\u00e2ce \u00e0 la location reste acquis au propri\u00e9taire.<\/p><p><strong>Article - 4:<\/strong><\/p><p>En cas d'annulation par le locataire, l'acompte reste acquis au propri\u00e9taire. Si l'annulation intervient moins de 60 jours avant la date d'arriv\u00e9e pr\u00e9vue, le propri\u00e9taire peut \u00e9galement demander le solde du s\u00e9jour. Si le locataire ne se pr\u00e9sente pas dans les 24 heures suivant la date d'arriv\u00e9e indiqu\u00e9e sur le contrat, le contrat est annul\u00e9 et le propri\u00e9taire peut proposer \u00e0 nouveau le s\u00e9jour. Dans ce cas, le d\u00e9p\u00f4t de garantie reste \u00e9galement acquis au bailleur.<\/p><p><strong>Article - 5:<\/strong><\/p><p>En cas d'annulation par le bailleur, le locataire sera rembours\u00e9 de la totalit\u00e9 des sommes vers\u00e9es, major\u00e9es d'une indemnit\u00e9 \u00e9gale \u00e0 celle que le locataire aurait d\u00fb payer s'il avait annul\u00e9 lui-m\u00eame.<\/p><p><strong>Article - 6:<\/strong><\/p><p>Le locataire doit se pr\u00e9senter au jour et \u00e0 l'heure convenus. En cas d'impossibilit\u00e9, il doit en informer le bailleur.<\/p><p><strong>Article - 7:<\/strong><\/p><p>Nous comptons sur vous pour prendre soin de notre propri\u00e9t\u00e9 et la garder en ordre. N\u00e9anmoins, nous vous facturerons un nettoyage final obligatoire de 70 euros, qui sera effectu\u00e9 par nos soins.<\/p><p><strong>Article - 8:<\/strong><\/p><p>A l'arriv\u00e9e et au d\u00e9part, un inventaire sera \u00e9tabli et sign\u00e9 par le locataire et le propri\u00e9taire ou son repr\u00e9sentant. Cet inventaire est la seule r\u00e9f\u00e9rence en cas de discussion sur l'\u00e9tat de la maison.<\/p><p>Le locataire doit v\u00e9rifier la propret\u00e9 de la maison \u00e0 son arriv\u00e9e. Le nettoyage pendant le s\u00e9jour est \u00e0 la charge du locataire. Le nettoyage final est factur\u00e9 comme indiqu\u00e9 dans la description.<\/p><p><strong>Article - 9:<\/strong><\/p><p>Lors de la r\u00e9servation, le propri\u00e9taire demandera une caution qui sera rembours\u00e9e au d\u00e9part apr\u00e8s inventaire, dans un d\u00e9lai de 7 jours, d\u00e9duction faite des frais de remise en \u00e9tat s'il y a des d\u00e9gradations.<\/p><p><strong>Article - 10:<\/strong><\/p><p>Le locataire doit veiller \u00e0 ce que le logement soit utilis\u00e9 paisiblement et conform\u00e9ment \u00e0 la destination des lieux.<\/p><p><strong>Article - 11:<\/strong><\/p><p>Le contrat est valable pour un nombre maximum de personnes. Si le nombre de personnes est sup\u00e9rieur au nombre autoris\u00e9, le bailleur peut le refuser. Les modifications du contrat sont \u00e0 la charge du client.<\/p><p><strong>Article - 12:<\/strong><\/p><p>Le contrat indique que les animaux domestiques sont autoris\u00e9s, sous r\u00e9serve de consultation avec le propri\u00e9taire. Nous vous demandons de veiller \u00e0 ce que nos animaux bien-aim\u00e9s n'entrent pas dans les chambres.<\/p><p><strong>Article - 13:<\/strong><\/p><p>Le locataire est responsable des dommages qu'il cause. Il doit \u00eatre assur\u00e9 pour les diff\u00e9rents risques.<\/p><p><strong>Article - 14:<\/strong><\/p><p>Les plaintes concernant l'\u00e9tat de la maison doivent \u00eatre signal\u00e9es dans les 2 jours suivant l'arriv\u00e9e. Les autres plaintes doivent \u00e9galement \u00eatre communiqu\u00e9es par \u00e9crit dans les plus brefs d\u00e9lais.<\/p><p><strong>Artikel -15:<\/strong><\/p><p>Il est interdit de charger des v\u00e9hicules \u00e9lectriques dans la propri\u00e9t\u00e9.<\/p><p><strong>Article - 16:<\/strong><\/p><p>Les f\u00eates et les nuisances sonores sont strictement interdites, ceci par respect pour les voisins.<\/p><p><strong>Article - 17:<\/strong><\/p><p>Il est interdit de faire du feu \u00e0 l'ext\u00e9rieur, \u00e9tant donn\u00e9 l'environnement tr\u00e8s sec et le risque d'incendie. L'utilisation de la chemin\u00e9e et de la cassette n'est autoris\u00e9e que pendant les p\u00e9riodes approuv\u00e9es par la municipalit\u00e9 (voir panneau de la mairie).<\/p><p><strong>Article - 18:<\/strong><\/p><p>Tous les d\u00e9chets doivent \u00eatre tri\u00e9s et enlev\u00e9s de la propri\u00e9t\u00e9 conform\u00e9ment \u00e0 la r\u00e9glementation locale. Toutes les informations pr\u00e9sentes dans la propri\u00e9t\u00e9. (dossier d'information)<\/p><p><strong>Article - 19:<\/strong><\/p><p>Il est strictement interdit de fumer \u00e0 l'int\u00e9rieur de la r\u00e9sidence. A l'ext\u00e9rieur, jeter les m\u00e9gots dans les cendriers. Attention au risque d'incendie (environnement sec)<\/p><p><strong>Article - 20:<\/strong><\/p><p>Du papier hygi\u00e9nique \u00e0 dissolution rapide est fourni gratuitement. Veuillez n'utiliser que celui-ci. En cas d'obstruction due \u00e0 une mauvaise utilisation, ou au fait de jeter des objets qui n'y ont pas leur place, les frais de d\u00e9bouchage seront \u00e0 la charge du locataire.<\/p><p><strong>Article - 21:<\/strong><\/p><p>Profitez de votre compagnie, passez un bon moment dans un environnement magnifique, et surtout profitez les uns des autres!<\/p><p><strong>Article - 22:<\/strong><\/p><p>Les animaux domestiques sont les bienvenus, mais ne doivent pas \u00eatre laiss\u00e9s seuls dans le jardin ni dans la maison.<\/p><p><strong>Article -23:<\/strong><\/p><p>Location de la barque : apr\u00e8s utilisation, celle-ci doit \u00eatre nettoy\u00e9e et remise \u00e0 sa place.<br \/>Le locataire est responsable des accidents survenant lors de son utilisation.<br \/>Le port du gilet de sauvetage est obligatoire.<\/p>\t\t\t\t\t\t\t\t<\/div>\n\t\t\t\t<\/div>\n\t\t\t\t<div class=\"elementor-element elementor-element-7f4ead8 elementor-widget elementor-widget-text-editor\" data-id=\"7f4ead8\" data-element_type=\"widget\" data-e-type=\"widget\" data-widget_type=\"text-editor.default\">\n\t\t\t\t<div class=\"elementor-widget-container\">\n\t\t\t\t\t\t\t\t\t<p>Deze voorwaarden werden het laatst aangepast op 23 juni 2024<\/p>\t\t\t\t\t\t\t\t<\/div>\n\t\t\t\t<\/div>\n\t\t\t\t\t<\/div>\n\t\t\t\t<\/div>\n\t\t\t\t<\/div>","protected":false},"excerpt":{"rendered":"<p>Welkom bij Maison 13Verhuurvoorwaarden \/ ContractWelkom bij Maison 13Verhuurvoorwaarden \/ Contract Artikel &#8211; 1: Dit contract is bedoeld voor het huren van een vakantieverblijf en mag alleen gebruikt worden voor toeristisch verblijf. Artikel &#8211; 2: De huurder kan na de afgesproken huurperiode niet langer in het verblijf blijven. Zelfs als de huurder dat wil, is [&hellip;]<\/p>\n","protected":false},"author":1,"featured_media":0,"parent":0,"menu_order":0,"comment_status":"closed","ping_status":"closed","template":"","meta":{"_lmt_disableupdate":"no","_lmt_disable":"","footnotes":""},"categories":[],"tags":[27],"class_list":["post-2914","page","type-page","status-publish","hentry","tag-fr-ok"],"_links":{"self":[{"href":"https:\/\/www.maison13.fr\/fr\/wp-json\/wp\/v2\/pages\/2914","targetHints":{"allow":["GET"]}}],"collection":[{"href":"https:\/\/www.maison13.fr\/fr\/wp-json\/wp\/v2\/pages"}],"about":[{"href":"https:\/\/www.maison13.fr\/fr\/wp-json\/wp\/v2\/types\/page"}],"author":[{"embeddable":true,"href":"https:\/\/www.maison13.fr\/fr\/wp-json\/wp\/v2\/users\/1"}],"replies":[{"embeddable":true,"href":"https:\/\/www.maison13.fr\/fr\/wp-json\/wp\/v2\/comments?post=2914"}],"version-history":[{"count":17,"href":"https:\/\/www.maison13.fr\/fr\/wp-json\/wp\/v2\/pages\/2914\/revisions"}],"predecessor-version":[{"id":3819,"href":"https:\/\/www.maison13.fr\/fr\/wp-json\/wp\/v2\/pages\/2914\/revisions\/3819"}],"wp:attachment":[{"href":"https:\/\/www.maison13.fr\/fr\/wp-json\/wp\/v2\/media?parent=2914"}],"wp:term":[{"taxonomy":"category","embeddable":true,"href":"https:\/\/www.maison13.fr\/fr\/wp-json\/wp\/v2\/categories?post=2914"},{"taxonomy":"post_tag","embeddable":true,"href":"https:\/\/www.maison13.fr\/fr\/wp-json\/wp\/v2\/tags?post=2914"}],"curies":[{"name":"wp","href":"https:\/\/api.w.org\/{rel}","templated":true}]}}